{"id":829,"date":"2021-06-24T09:16:37","date_gmt":"2021-06-24T06:16:37","guid":{"rendered":"https:\/\/halkidonioplus.com\/?page_id=829"},"modified":"2021-08-11T17:54:23","modified_gmt":"2021-08-11T14:54:23","slug":"home","status":"publish","type":"page","link":"https:\/\/halkidonioplus.com\/de\/","title":{"rendered":"Startseite"},"content":{"rendered":"<p>[et_pb_section fb_built=&#8220;1&#8243; _builder_version=&#8220;4.9.7&#8243; _module_preset=&#8220;default&#8220; max_width=&#8220;1920px&#8220; custom_margin=&#8220;|auto||auto|false|true&#8220; custom_padding=&#8220;0px||0px||false|false&#8220;][et_pb_row _builder_version=&#8220;4.9.7&#8243; _module_preset=&#8220;default&#8220; width=&#8220;100%&#8220; max_width=&#8220;1920px&#8220; custom_padding=&#8220;0px||0px||false|false&#8220;][et_pb_column type=&#8220;4_4&#8243; _builder_version=&#8220;4.9.7&#8243; _module_preset=&#8220;default&#8220;][et_pb_nextend_smart_slider_3 slider=&#8220;5&#8243; _builder_version=&#8220;4.9.10&#8243; _module_preset=&#8220;default&#8220;][\/et_pb_nextend_smart_slider_3][\/et_pb_column][\/et_pb_row][\/et_pb_section][et_pb_section fb_built=&#8220;1&#8243; _builder_version=&#8220;4.9.10&#8243; _module_preset=&#8220;default&#8220; background_color=&#8220;#f9ede1&#8243; custom_padding=&#8220;||||false|false&#8220;][et_pb_row _builder_version=&#8220;4.9.10&#8243; _module_preset=&#8220;default&#8220; custom_padding=&#8220;||0px||false|false&#8220;][et_pb_column type=&#8220;4_4&#8243; _builder_version=&#8220;4.9.7&#8243; _module_preset=&#8220;default&#8220;][et_pb_text _builder_version=&#8220;4.9.10&#8243; _module_preset=&#8220;default&#8220; header_2_font=&#8220;|700|||||||&#8220; header_2_text_align=&#8220;center&#8220; header_2_font_size=&#8220;1.5rem&#8220; header_2_line_height=&#8220;1.5em&#8220; positioning=&#8220;relative&#8220; custom_margin=&#8220;||50px||false|false&#8220; custom_css_after=&#8220;content: &#8220;;||width: 4%;||border-top: 1px solid #333;||position: absolute;||left: 48%;||bottom: -20%;&#8220; custom_css_after_last_edited=&#8220;on|phone&#8220; custom_css_after_phone=&#8220;content: &#8220;;||width: 6%;||border-top: 1px solid #333;||position: absolute;||left: 47%;||bottom: -10%;&#8220;]<\/p>\n<h2>Die Vorteile des Online-Lernens mit HalkidonioPlus:<\/h2>\n<p>[\/et_pb_text][\/et_pb_column][\/et_pb_row][et_pb_row column_structure=&#8220;1_2,1_2&#8243; use_custom_gutter=&#8220;on&#8220; make_equal=&#8220;on&#8220; _builder_version=&#8220;4.9.7&#8243; _module_preset=&#8220;default&#8220;][et_pb_column type=&#8220;1_2&#8243; _builder_version=&#8220;4.9.7&#8243; _module_preset=&#8220;default&#8220; background_enable_color=&#8220;off&#8220; custom_padding=&#8220;||||false|false&#8220;][et_pb_blurb use_icon=&#8220;on&#8220; font_icon=&#8220;%%57%%&#8220; icon_color=&#8220;#1688be&#8220; content_max_width=&#8220;100%&#8220; use_icon_font_size=&#8220;on&#8220; icon_font_size=&#8220;30px&#8220; _builder_version=&#8220;4.9.10&#8243; _module_preset=&#8220;default&#8220; body_font=&#8220;|700|||||||&#8220; custom_margin=&#8220;||||false|false&#8220; custom_padding=&#8220;||||false|false&#8220; animation=&#8220;off&#8220;]<\/p>\n<p>Der Online-Live-Sprachunterricht bietet Zeit- und Kraftersparnis seitens des Lerners<\/p>\n<p>[\/et_pb_blurb][\/et_pb_column][et_pb_column type=&#8220;1_2&#8243; _builder_version=&#8220;4.9.7&#8243; _module_preset=&#8220;default&#8220; background_enable_color=&#8220;off&#8220; custom_padding=&#8220;||||false|false&#8220;][et_pb_blurb use_icon=&#8220;on&#8220; font_icon=&#8220;%%57%%&#8220; icon_color=&#8220;#1688be&#8220; content_max_width=&#8220;100%&#8220; use_icon_font_size=&#8220;on&#8220; icon_font_size=&#8220;30px&#8220; _builder_version=&#8220;4.9.10&#8243; _module_preset=&#8220;default&#8220; body_font=&#8220;|700|||||||&#8220; custom_margin=&#8220;||||false|false&#8220; custom_padding=&#8220;||||false|false&#8220; animation=&#8220;off&#8220; locked=&#8220;off&#8220;]Jeder Lerner kann sich \u00fcberral durch PC, Laptop, Tablet, Smartphone mit einem Klick im Online-Unterricht verbinden[\/et_pb_blurb][\/et_pb_column][\/et_pb_row][et_pb_row column_structure=&#8220;1_2,1_2&#8243; use_custom_gutter=&#8220;on&#8220; make_equal=&#8220;on&#8220; _builder_version=&#8220;4.9.7&#8243; _module_preset=&#8220;default&#8220;][et_pb_column type=&#8220;1_2&#8243; _builder_version=&#8220;4.9.7&#8243; _module_preset=&#8220;default&#8220; background_enable_color=&#8220;off&#8220; custom_padding=&#8220;||||false|false&#8220;][et_pb_blurb use_icon=&#8220;on&#8220; font_icon=&#8220;%%57%%&#8220; icon_color=&#8220;#1688be&#8220; content_max_width=&#8220;100%&#8220; use_icon_font_size=&#8220;on&#8220; icon_font_size=&#8220;30px&#8220; _builder_version=&#8220;4.9.10&#8243; _module_preset=&#8220;default&#8220; body_font=&#8220;|700|||||||&#8220; custom_margin=&#8220;||||false|false&#8220; custom_padding=&#8220;||||false|false&#8220; animation=&#8220;off&#8220;]Professionelle und qualifizierte Lehrkr\u00e4fte, die t\u00e4glich bewertet werden[\/et_pb_blurb][\/et_pb_column][et_pb_column type=&#8220;1_2&#8243; _builder_version=&#8220;4.9.7&#8243; _module_preset=&#8220;default&#8220; background_enable_color=&#8220;off&#8220; custom_padding=&#8220;||||false|false&#8220;][et_pb_blurb use_icon=&#8220;on&#8220; font_icon=&#8220;%%57%%&#8220; icon_color=&#8220;#1688be&#8220; content_max_width=&#8220;100%&#8220; use_icon_font_size=&#8220;on&#8220; icon_font_size=&#8220;30px&#8220; _builder_version=&#8220;4.9.10&#8243; _module_preset=&#8220;default&#8220; body_font=&#8220;|700|||||||&#8220; custom_margin=&#8220;||||false|false&#8220; custom_padding=&#8220;||||false|false&#8220; animation=&#8220;off&#8220; locked=&#8220;off&#8220;]<\/p>\n<p>Videoaufnahme der Kurse und M\u00f6glichkeit diese durch Ihr pers\u00f6nliches Benutzerkonto im <em>HalkidonioPlus<\/em> zu verfolgen, um keinen Unterricht zu verpassen<\/p>\n<p>[\/et_pb_blurb][\/et_pb_column][\/et_pb_row][et_pb_row column_structure=&#8220;1_2,1_2&#8243; use_custom_gutter=&#8220;on&#8220; make_equal=&#8220;on&#8220; _builder_version=&#8220;4.9.7&#8243; _module_preset=&#8220;default&#8220;][et_pb_column type=&#8220;1_2&#8243; _builder_version=&#8220;4.9.7&#8243; _module_preset=&#8220;default&#8220; background_enable_color=&#8220;off&#8220; custom_padding=&#8220;||||false|false&#8220;][et_pb_blurb use_icon=&#8220;on&#8220; font_icon=&#8220;%%57%%&#8220; icon_color=&#8220;#1688be&#8220; content_max_width=&#8220;100%&#8220; use_icon_font_size=&#8220;on&#8220; icon_font_size=&#8220;30px&#8220; _builder_version=&#8220;4.9.10&#8243; _module_preset=&#8220;default&#8220; body_font=&#8220;|700|||||||&#8220; custom_margin=&#8220;||||false|false&#8220; custom_padding=&#8220;||||false|false&#8220; animation=&#8220;off&#8220;]Zugang zu kostenlosen interaktiven digitalen Hilfsmitteln, Videos, Apps, Filmen, Musik und Spielen, die den Unterrichtsstoff auf angenehme Art und Weise erg\u00e4nzen und die Lerner motivieren[\/et_pb_blurb][\/et_pb_column][et_pb_column type=&#8220;1_2&#8243; _builder_version=&#8220;4.9.7&#8243; _module_preset=&#8220;default&#8220; background_enable_color=&#8220;off&#8220; custom_padding=&#8220;||||false|false&#8220;][et_pb_blurb use_icon=&#8220;on&#8220; font_icon=&#8220;%%57%%&#8220; icon_color=&#8220;#1688be&#8220; content_max_width=&#8220;100%&#8220; use_icon_font_size=&#8220;on&#8220; icon_font_size=&#8220;30px&#8220; _builder_version=&#8220;4.9.10&#8243; _module_preset=&#8220;default&#8220; body_font=&#8220;|700|||||||&#8220; custom_margin=&#8220;||||false|false&#8220; custom_padding=&#8220;||||false|false&#8220; animation=&#8220;off&#8220; hover_enabled=&#8220;0&#8243; locked=&#8220;off&#8220; sticky_enabled=&#8220;0&#8243;]<\/p>\n<p>Fortlaufende Evaluierung und Fortschrittsverfolgung jedes Lerners durch sein pers\u00f6nliches Benutzerkonto<\/p>\n<p>[\/et_pb_blurb][\/et_pb_column][\/et_pb_row][\/et_pb_section]<\/p>\n","protected":false},"excerpt":{"rendered":"<p>Die Vorteile des Online-Lernens mit HalkidonioPlus:Der Online-Live-Sprachunterricht bietet Zeit- und Kraftersparnis seitens des LernersJeder Lerner kann sich \u00fcberral durch PC, Laptop, Tablet, Smartphone mit einem Klick im Online-Unterricht verbindenProfessionelle und qualifizierte Lehrkr\u00e4fte, die t\u00e4glich bewertet werdenVideoaufnahme der Kurse und M\u00f6glichkeit diese durch Ihr pers\u00f6nliches Benutzerkonto im HalkidonioPlus zu verfolgen, um keinen Unterricht zu verpassenZugang zu [&hellip;]<\/p>\n","protected":false},"author":1,"featured_media":455,"parent":0,"menu_order":0,"comment_status":"closed","ping_status":"closed","template":"","meta":{"_et_pb_use_builder":"on","_et_pb_old_content":"<div id=\"sp-page\" class=\"spBgcover sp-content-4\" style=\"background-color: rgb(255, 255, 255); font-family: 'Helvetica Neue', Arial, sans-serif; font-weight: 400;\">\n<section id=\"sp-ks8a8s\" class=\"sp-el-section \" style=\"width: 600px; max-width: 100%; padding: 10px;\">\n<div id=\"sp-vw3kvy\" class=\"sp-el-row sm:sp-flex sp-justify-between sp-w-full  sp-m-auto\" style=\"padding: 0px; width: auto; max-width: 1000px;\">\n<div id=\"sp-ggzp6w\" class=\"sp-el-col sp-p-4  sp-w-full\" style=\"width: calc(100% - 0px); padding: 10px;\">\n<figure id=\"sp-brhhwi\" class=\"sp-image-wrapper\" style=\"margin-top: 0px; padding: 10px; text-align: center;\"><span><img src=\"http:\/\/assets.seedprod.com\/clock.png\" alt=\"\"><\/span><\/figure>\n<h1 id=\"sp-jkhbii\" data-mobile-css=\"\" class=\"sp-css-target sp-headline-block-jkhbii\" style=\"font-size: 52px; font-weight: bold; color: rgb(50, 27, 38); text-align: center; padding: 10px; margin-top: 0px;\">Coming Soon<\/h1>\n<div id=\"sp-jdj1i9\" data-mobile-css=\"\" class=\"sp-css-target sp-text-wrapper sp-text-wrapper-jdj1i9\" style=\"font-size: 16px; color: rgb(50, 27, 38); padding: 10px; margin-top: 0px; text-align: center;\">\n\nGet ready, something cool is coming!\n\n<\/div>\n<\/div>\n<\/div>\n<\/section><\/div>","_et_gb_content_width":"","footnotes":""},"class_list":["post-829","page","type-page","status-publish","has-post-thumbnail","hentry"],"yoast_head":"<!-- This site is optimized with the Yoast SEO plugin v27.4 - https:\/\/yoast.com\/product\/yoast-seo-wordpress\/ -->\n<title>Sprachen online lernen - Halkidonio Plus<\/title>\n<meta name=\"robots\" content=\"index, follow, max-snippet:-1, max-image-preview:large, max-video-preview:-1\" \/>\n<link rel=\"canonical\" href=\"https:\/\/halkidonioplus.com\/de\/\" \/>\n<meta property=\"og:locale\" content=\"de_DE\" \/>\n<meta property=\"og:type\" content=\"article\" \/>\n<meta property=\"og:title\" content=\"Sprachen online lernen - Halkidonio Plus\" \/>\n<meta property=\"og:description\" content=\"Die Vorteile des Online-Lernens mit HalkidonioPlus:Der Online-Live-Sprachunterricht bietet Zeit- und Kraftersparnis seitens des LernersJeder Lerner kann sich \u00fcberral durch PC, Laptop, Tablet, Smartphone mit einem Klick im Online-Unterricht verbindenProfessionelle und qualifizierte Lehrkr\u00e4fte, die t\u00e4glich bewertet werdenVideoaufnahme der Kurse und M\u00f6glichkeit diese durch Ihr pers\u00f6nliches Benutzerkonto im HalkidonioPlus zu verfolgen, um keinen Unterricht zu verpassenZugang zu [&hellip;]\" \/>\n<meta property=\"og:url\" content=\"https:\/\/halkidonioplus.com\/de\/\" \/>\n<meta property=\"og:site_name\" content=\"Halkidonio Plus\" \/>\n<meta property=\"article:modified_time\" content=\"2021-08-11T14:54:23+00:00\" \/>\n<meta property=\"og:image\" content=\"https:\/\/halkidonioplus.com\/wp-content\/uploads\/2021\/07\/Slider_first.jpg\" \/>\n\t<meta property=\"og:image:width\" content=\"1920\" \/>\n\t<meta property=\"og:image:height\" content=\"800\" \/>\n\t<meta property=\"og:image:type\" content=\"image\/jpeg\" \/>\n<meta name=\"twitter:card\" content=\"summary_large_image\" \/>\n<meta name=\"twitter:label1\" content=\"Gesch\u00e4tzte Lesezeit\" \/>\n\t<meta name=\"twitter:data1\" content=\"2\u00a0Minuten\" \/>\n<script type=\"application\/ld+json\" class=\"yoast-schema-graph\">{\"@context\":\"https:\\\/\\\/schema.org\",\"@graph\":[{\"@type\":\"WebPage\",\"@id\":\"https:\\\/\\\/halkidonioplus.com\\\/de\\\/\",\"url\":\"https:\\\/\\\/halkidonioplus.com\\\/de\\\/\",\"name\":\"Sprachen online lernen - Halkidonio Plus\",\"isPartOf\":{\"@id\":\"https:\\\/\\\/halkidonioplus.com\\\/de\\\/#website\"},\"primaryImageOfPage\":{\"@id\":\"https:\\\/\\\/halkidonioplus.com\\\/de\\\/#primaryimage\"},\"image\":{\"@id\":\"https:\\\/\\\/halkidonioplus.com\\\/de\\\/#primaryimage\"},\"thumbnailUrl\":\"https:\\\/\\\/halkidonioplus.com\\\/wp-content\\\/uploads\\\/2021\\\/07\\\/Slider_first.jpg\",\"datePublished\":\"2021-06-24T06:16:37+00:00\",\"dateModified\":\"2021-08-11T14:54:23+00:00\",\"breadcrumb\":{\"@id\":\"https:\\\/\\\/halkidonioplus.com\\\/de\\\/#breadcrumb\"},\"inLanguage\":\"de\",\"potentialAction\":[{\"@type\":\"ReadAction\",\"target\":[\"https:\\\/\\\/halkidonioplus.com\\\/de\\\/\"]}]},{\"@type\":\"ImageObject\",\"inLanguage\":\"de\",\"@id\":\"https:\\\/\\\/halkidonioplus.com\\\/de\\\/#primaryimage\",\"url\":\"https:\\\/\\\/halkidonioplus.com\\\/wp-content\\\/uploads\\\/2021\\\/07\\\/Slider_first.jpg\",\"contentUrl\":\"https:\\\/\\\/halkidonioplus.com\\\/wp-content\\\/uploads\\\/2021\\\/07\\\/Slider_first.jpg\",\"width\":1920,\"height\":800},{\"@type\":\"BreadcrumbList\",\"@id\":\"https:\\\/\\\/halkidonioplus.com\\\/de\\\/#breadcrumb\",\"itemListElement\":[{\"@type\":\"ListItem\",\"position\":1,\"name\":\"Home\",\"item\":\"https:\\\/\\\/halkidonioplus.com\\\/de\\\/\"},{\"@type\":\"ListItem\",\"position\":2,\"name\":\"Startseite\"}]},{\"@type\":\"WebSite\",\"@id\":\"https:\\\/\\\/halkidonioplus.com\\\/de\\\/#website\",\"url\":\"https:\\\/\\\/halkidonioplus.com\\\/de\\\/\",\"name\":\"Halkidonio Plus\",\"description\":\"Halkidonio Plus\",\"potentialAction\":[{\"@type\":\"SearchAction\",\"target\":{\"@type\":\"EntryPoint\",\"urlTemplate\":\"https:\\\/\\\/halkidonioplus.com\\\/de\\\/?s={search_term_string}\"},\"query-input\":{\"@type\":\"PropertyValueSpecification\",\"valueRequired\":true,\"valueName\":\"search_term_string\"}}],\"inLanguage\":\"de\"}]}<\/script>\n<!-- \/ Yoast SEO plugin. -->","yoast_head_json":{"title":"Sprachen online lernen - Halkidonio Plus","robots":{"index":"index","follow":"follow","max-snippet":"max-snippet:-1","max-image-preview":"max-image-preview:large","max-video-preview":"max-video-preview:-1"},"canonical":"https:\/\/halkidonioplus.com\/de\/","og_locale":"de_DE","og_type":"article","og_title":"Sprachen online lernen - Halkidonio Plus","og_description":"Die Vorteile des Online-Lernens mit HalkidonioPlus:Der Online-Live-Sprachunterricht bietet Zeit- und Kraftersparnis seitens des LernersJeder Lerner kann sich \u00fcberral durch PC, Laptop, Tablet, Smartphone mit einem Klick im Online-Unterricht verbindenProfessionelle und qualifizierte Lehrkr\u00e4fte, die t\u00e4glich bewertet werdenVideoaufnahme der Kurse und M\u00f6glichkeit diese durch Ihr pers\u00f6nliches Benutzerkonto im HalkidonioPlus zu verfolgen, um keinen Unterricht zu verpassenZugang zu [&hellip;]","og_url":"https:\/\/halkidonioplus.com\/de\/","og_site_name":"Halkidonio Plus","article_modified_time":"2021-08-11T14:54:23+00:00","og_image":[{"width":1920,"height":800,"url":"https:\/\/halkidonioplus.com\/wp-content\/uploads\/2021\/07\/Slider_first.jpg","type":"image\/jpeg"}],"twitter_card":"summary_large_image","twitter_misc":{"Gesch\u00e4tzte Lesezeit":"2\u00a0Minuten"},"schema":{"@context":"https:\/\/schema.org","@graph":[{"@type":"WebPage","@id":"https:\/\/halkidonioplus.com\/de\/","url":"https:\/\/halkidonioplus.com\/de\/","name":"Sprachen online lernen - Halkidonio Plus","isPartOf":{"@id":"https:\/\/halkidonioplus.com\/de\/#website"},"primaryImageOfPage":{"@id":"https:\/\/halkidonioplus.com\/de\/#primaryimage"},"image":{"@id":"https:\/\/halkidonioplus.com\/de\/#primaryimage"},"thumbnailUrl":"https:\/\/halkidonioplus.com\/wp-content\/uploads\/2021\/07\/Slider_first.jpg","datePublished":"2021-06-24T06:16:37+00:00","dateModified":"2021-08-11T14:54:23+00:00","breadcrumb":{"@id":"https:\/\/halkidonioplus.com\/de\/#breadcrumb"},"inLanguage":"de","potentialAction":[{"@type":"ReadAction","target":["https:\/\/halkidonioplus.com\/de\/"]}]},{"@type":"ImageObject","inLanguage":"de","@id":"https:\/\/halkidonioplus.com\/de\/#primaryimage","url":"https:\/\/halkidonioplus.com\/wp-content\/uploads\/2021\/07\/Slider_first.jpg","contentUrl":"https:\/\/halkidonioplus.com\/wp-content\/uploads\/2021\/07\/Slider_first.jpg","width":1920,"height":800},{"@type":"BreadcrumbList","@id":"https:\/\/halkidonioplus.com\/de\/#breadcrumb","itemListElement":[{"@type":"ListItem","position":1,"name":"Home","item":"https:\/\/halkidonioplus.com\/de\/"},{"@type":"ListItem","position":2,"name":"Startseite"}]},{"@type":"WebSite","@id":"https:\/\/halkidonioplus.com\/de\/#website","url":"https:\/\/halkidonioplus.com\/de\/","name":"Halkidonio Plus","description":"Halkidonio Plus","potentialAction":[{"@type":"SearchAction","target":{"@type":"EntryPoint","urlTemplate":"https:\/\/halkidonioplus.com\/de\/?s={search_term_string}"},"query-input":{"@type":"PropertyValueSpecification","valueRequired":true,"valueName":"search_term_string"}}],"inLanguage":"de"}]}},"_links":{"self":[{"href":"https:\/\/halkidonioplus.com\/de\/wp-json\/wp\/v2\/pages\/829","targetHints":{"allow":["GET"]}}],"collection":[{"href":"https:\/\/halkidonioplus.com\/de\/wp-json\/wp\/v2\/pages"}],"about":[{"href":"https:\/\/halkidonioplus.com\/de\/wp-json\/wp\/v2\/types\/page"}],"author":[{"embeddable":true,"href":"https:\/\/halkidonioplus.com\/de\/wp-json\/wp\/v2\/users\/1"}],"replies":[{"embeddable":true,"href":"https:\/\/halkidonioplus.com\/de\/wp-json\/wp\/v2\/comments?post=829"}],"version-history":[{"count":10,"href":"https:\/\/halkidonioplus.com\/de\/wp-json\/wp\/v2\/pages\/829\/revisions"}],"predecessor-version":[{"id":2398,"href":"https:\/\/halkidonioplus.com\/de\/wp-json\/wp\/v2\/pages\/829\/revisions\/2398"}],"wp:featuredmedia":[{"embeddable":true,"href":"https:\/\/halkidonioplus.com\/de\/wp-json\/wp\/v2\/media\/455"}],"wp:attachment":[{"href":"https:\/\/halkidonioplus.com\/de\/wp-json\/wp\/v2\/media?parent=829"}],"curies":[{"name":"wp","href":"https:\/\/api.w.org\/{rel}","templated":true}]}}