{"id":2146,"date":"2021-07-23T17:06:26","date_gmt":"2021-07-23T14:06:26","guid":{"rendered":"https:\/\/halkidonioplus.com\/tropoi-pliromis\/"},"modified":"2021-08-21T13:20:42","modified_gmt":"2021-08-21T10:20:42","slug":"zahlungsarten","status":"publish","type":"page","link":"https:\/\/halkidonioplus.com\/de\/zahlungsarten\/","title":{"rendered":"Zahlungsarten"},"content":{"rendered":"\n<p>Sie k\u00f6nnen eine der folgenden Zahlungsarten ausw\u00e4hlen, um einen Kauf auf unserer Webseite zu t\u00e4tigen:<\/p>\n\n\n\n<ul class=\"wp-block-list\"><li>Kredit- \/Debitkarte \u00fcber Stripe<\/li><li>PayPal<\/li><li>Kreditkarte \u00fcber Viva Wallet (Bei Zahlung in Raten)<\/li><li>Bank\u00fcberweisung<\/li><\/ul>\n\n\n\n<p>Falls Sie Zahlungsart Bank\u00fcberweisung w\u00e4hlen, k\u00f6nnen Sie Ihre Zahlung auf eines der folgenden Bankkonten t\u00e4tigen:<\/p>\n\n\n\n<p>Piraeus Bank:<br>IBAN: GR3201710460006046138329072<\/p>\n\n\n\n<p>VIVA PAYMENT SERVICES SA:<br>IBAN: GR4270100000000703258888021<\/p>\n\n\n\n<p>Name (f\u00fcr beide Bankkonten): ZYLIS NIKOLAOS<\/p>\n\n\n\n<p>Um Ihre Bank\u00fcberweisung best\u00e4tigen zu k\u00f6nnen, bitten wir Sie unter Verwendungszweck die Transaktionsnummer anzugeben oder uns per E-Mail den Zahlungsnachweis an unsere E-Mail <a href=\"mailto:info@halkidonioplus.com\">info@halkidonioplus.com<\/a> zu senden, und zwar von der gleichen E-Mail-Adresse, die Sie benutzt haben, um Ihr Konto in unserer Webseite zu erstellen. Ihr Abonnement wird aktiviert, sobald die Zahlung auf unserem Konto eingegangen ist.<\/p>\n","protected":false},"excerpt":{"rendered":"<p>Sie k\u00f6nnen eine der folgenden Zahlungsarten ausw\u00e4hlen, um einen Kauf auf unserer Webseite zu t\u00e4tigen: Kredit- \/Debitkarte \u00fcber Stripe PayPal Kreditkarte \u00fcber Viva Wallet (Bei Zahlung in Raten) Bank\u00fcberweisung Falls Sie Zahlungsart Bank\u00fcberweisung w\u00e4hlen, k\u00f6nnen Sie Ihre Zahlung auf eines der folgenden Bankkonten t\u00e4tigen: Piraeus Bank:IBAN: GR3201710460006046138329072 VIVA PAYMENT SERVICES SA:IBAN: GR4270100000000703258888021 Name (f\u00fcr beide [&hellip;]<\/p>\n","protected":false},"author":1,"featured_media":0,"parent":0,"menu_order":0,"comment_status":"closed","ping_status":"closed","template":"","meta":{"_et_pb_use_builder":"off","_et_pb_old_content":"","_et_gb_content_width":"","footnotes":""},"class_list":["post-2146","page","type-page","status-publish","hentry"],"yoast_head":"<!-- This site is optimized with the Yoast SEO plugin v27.3 - https:\/\/yoast.com\/product\/yoast-seo-wordpress\/ -->\n<title>Zahlungsarten - Halkidonio Plus<\/title>\n<meta name=\"robots\" content=\"index, follow, max-snippet:-1, max-image-preview:large, max-video-preview:-1\" \/>\n<link rel=\"canonical\" href=\"https:\/\/halkidonioplus.com\/de\/zahlungsarten\/\" \/>\n<meta property=\"og:locale\" content=\"de_DE\" \/>\n<meta property=\"og:type\" content=\"article\" \/>\n<meta property=\"og:title\" content=\"Zahlungsarten - Halkidonio Plus\" \/>\n<meta property=\"og:description\" content=\"Sie k\u00f6nnen eine der folgenden Zahlungsarten ausw\u00e4hlen, um einen Kauf auf unserer Webseite zu t\u00e4tigen: Kredit- \/Debitkarte \u00fcber Stripe PayPal Kreditkarte \u00fcber Viva Wallet (Bei Zahlung in Raten) Bank\u00fcberweisung Falls Sie Zahlungsart Bank\u00fcberweisung w\u00e4hlen, k\u00f6nnen Sie Ihre Zahlung auf eines der folgenden Bankkonten t\u00e4tigen: Piraeus Bank:IBAN: GR3201710460006046138329072 VIVA PAYMENT SERVICES SA:IBAN: GR4270100000000703258888021 Name (f\u00fcr beide [&hellip;]\" \/>\n<meta property=\"og:url\" content=\"https:\/\/halkidonioplus.com\/de\/zahlungsarten\/\" \/>\n<meta property=\"og:site_name\" content=\"Halkidonio Plus\" \/>\n<meta property=\"article:modified_time\" content=\"2021-08-21T10:20:42+00:00\" \/>\n<meta name=\"twitter:card\" content=\"summary_large_image\" \/>\n<meta name=\"twitter:label1\" content=\"Gesch\u00e4tzte Lesezeit\" \/>\n\t<meta name=\"twitter:data1\" content=\"1\u00a0Minute\" \/>\n<script type=\"application\/ld+json\" class=\"yoast-schema-graph\">{\"@context\":\"https:\\\/\\\/schema.org\",\"@graph\":[{\"@type\":\"WebPage\",\"@id\":\"https:\\\/\\\/halkidonioplus.com\\\/de\\\/zahlungsarten\\\/\",\"url\":\"https:\\\/\\\/halkidonioplus.com\\\/de\\\/zahlungsarten\\\/\",\"name\":\"Zahlungsarten - Halkidonio Plus\",\"isPartOf\":{\"@id\":\"https:\\\/\\\/halkidonioplus.com\\\/de\\\/#website\"},\"datePublished\":\"2021-07-23T14:06:26+00:00\",\"dateModified\":\"2021-08-21T10:20:42+00:00\",\"breadcrumb\":{\"@id\":\"https:\\\/\\\/halkidonioplus.com\\\/de\\\/zahlungsarten\\\/#breadcrumb\"},\"inLanguage\":\"de\",\"potentialAction\":[{\"@type\":\"ReadAction\",\"target\":[\"https:\\\/\\\/halkidonioplus.com\\\/de\\\/zahlungsarten\\\/\"]}]},{\"@type\":\"BreadcrumbList\",\"@id\":\"https:\\\/\\\/halkidonioplus.com\\\/de\\\/zahlungsarten\\\/#breadcrumb\",\"itemListElement\":[{\"@type\":\"ListItem\",\"position\":1,\"name\":\"Home\",\"item\":\"https:\\\/\\\/halkidonioplus.com\\\/de\\\/\"},{\"@type\":\"ListItem\",\"position\":2,\"name\":\"Zahlungsarten\"}]},{\"@type\":\"WebSite\",\"@id\":\"https:\\\/\\\/halkidonioplus.com\\\/de\\\/#website\",\"url\":\"https:\\\/\\\/halkidonioplus.com\\\/de\\\/\",\"name\":\"Halkidonio Plus\",\"description\":\"Halkidonio Plus\",\"potentialAction\":[{\"@type\":\"SearchAction\",\"target\":{\"@type\":\"EntryPoint\",\"urlTemplate\":\"https:\\\/\\\/halkidonioplus.com\\\/de\\\/?s={search_term_string}\"},\"query-input\":{\"@type\":\"PropertyValueSpecification\",\"valueRequired\":true,\"valueName\":\"search_term_string\"}}],\"inLanguage\":\"de\"}]}<\/script>\n<!-- \/ Yoast SEO plugin. -->","yoast_head_json":{"title":"Zahlungsarten - Halkidonio Plus","robots":{"index":"index","follow":"follow","max-snippet":"max-snippet:-1","max-image-preview":"max-image-preview:large","max-video-preview":"max-video-preview:-1"},"canonical":"https:\/\/halkidonioplus.com\/de\/zahlungsarten\/","og_locale":"de_DE","og_type":"article","og_title":"Zahlungsarten - Halkidonio Plus","og_description":"Sie k\u00f6nnen eine der folgenden Zahlungsarten ausw\u00e4hlen, um einen Kauf auf unserer Webseite zu t\u00e4tigen: Kredit- \/Debitkarte \u00fcber Stripe PayPal Kreditkarte \u00fcber Viva Wallet (Bei Zahlung in Raten) Bank\u00fcberweisung Falls Sie Zahlungsart Bank\u00fcberweisung w\u00e4hlen, k\u00f6nnen Sie Ihre Zahlung auf eines der folgenden Bankkonten t\u00e4tigen: Piraeus Bank:IBAN: GR3201710460006046138329072 VIVA PAYMENT SERVICES SA:IBAN: GR4270100000000703258888021 Name (f\u00fcr beide [&hellip;]","og_url":"https:\/\/halkidonioplus.com\/de\/zahlungsarten\/","og_site_name":"Halkidonio Plus","article_modified_time":"2021-08-21T10:20:42+00:00","twitter_card":"summary_large_image","twitter_misc":{"Gesch\u00e4tzte Lesezeit":"1\u00a0Minute"},"schema":{"@context":"https:\/\/schema.org","@graph":[{"@type":"WebPage","@id":"https:\/\/halkidonioplus.com\/de\/zahlungsarten\/","url":"https:\/\/halkidonioplus.com\/de\/zahlungsarten\/","name":"Zahlungsarten - Halkidonio Plus","isPartOf":{"@id":"https:\/\/halkidonioplus.com\/de\/#website"},"datePublished":"2021-07-23T14:06:26+00:00","dateModified":"2021-08-21T10:20:42+00:00","breadcrumb":{"@id":"https:\/\/halkidonioplus.com\/de\/zahlungsarten\/#breadcrumb"},"inLanguage":"de","potentialAction":[{"@type":"ReadAction","target":["https:\/\/halkidonioplus.com\/de\/zahlungsarten\/"]}]},{"@type":"BreadcrumbList","@id":"https:\/\/halkidonioplus.com\/de\/zahlungsarten\/#breadcrumb","itemListElement":[{"@type":"ListItem","position":1,"name":"Home","item":"https:\/\/halkidonioplus.com\/de\/"},{"@type":"ListItem","position":2,"name":"Zahlungsarten"}]},{"@type":"WebSite","@id":"https:\/\/halkidonioplus.com\/de\/#website","url":"https:\/\/halkidonioplus.com\/de\/","name":"Halkidonio Plus","description":"Halkidonio Plus","potentialAction":[{"@type":"SearchAction","target":{"@type":"EntryPoint","urlTemplate":"https:\/\/halkidonioplus.com\/de\/?s={search_term_string}"},"query-input":{"@type":"PropertyValueSpecification","valueRequired":true,"valueName":"search_term_string"}}],"inLanguage":"de"}]}},"_links":{"self":[{"href":"https:\/\/halkidonioplus.com\/de\/wp-json\/wp\/v2\/pages\/2146","targetHints":{"allow":["GET"]}}],"collection":[{"href":"https:\/\/halkidonioplus.com\/de\/wp-json\/wp\/v2\/pages"}],"about":[{"href":"https:\/\/halkidonioplus.com\/de\/wp-json\/wp\/v2\/types\/page"}],"author":[{"embeddable":true,"href":"https:\/\/halkidonioplus.com\/de\/wp-json\/wp\/v2\/users\/1"}],"replies":[{"embeddable":true,"href":"https:\/\/halkidonioplus.com\/de\/wp-json\/wp\/v2\/comments?post=2146"}],"version-history":[{"count":2,"href":"https:\/\/halkidonioplus.com\/de\/wp-json\/wp\/v2\/pages\/2146\/revisions"}],"predecessor-version":[{"id":2730,"href":"https:\/\/halkidonioplus.com\/de\/wp-json\/wp\/v2\/pages\/2146\/revisions\/2730"}],"wp:attachment":[{"href":"https:\/\/halkidonioplus.com\/de\/wp-json\/wp\/v2\/media?parent=2146"}],"curies":[{"name":"wp","href":"https:\/\/api.w.org\/{rel}","templated":true}]}}