{"id":2143,"date":"2021-07-13T18:37:38","date_gmt":"2021-07-13T15:37:38","guid":{"rendered":"https:\/\/halkidonioplus.com\/poioi-eimaste\/"},"modified":"2021-10-23T18:07:13","modified_gmt":"2021-10-23T15:07:13","slug":"ueber-uns","status":"publish","type":"page","link":"https:\/\/halkidonioplus.com\/de\/ueber-uns\/","title":{"rendered":"\u00dcber uns"},"content":{"rendered":"<p>[et_pb_section fb_built=&#8220;1&#8243; _builder_version=&#8220;4.9.10&#8243; _module_preset=&#8220;default&#8220; custom_padding=&#8220;0px||||false|false&#8220; global_colors_info=&#8220;{}&#8220;][et_pb_row column_structure=&#8220;1_2,1_2&#8243; _builder_version=&#8220;4.9.7&#8243; _module_preset=&#8220;default&#8220; width=&#8220;100%&#8220; custom_padding=&#8220;||||false|false&#8220; global_colors_info=&#8220;{}&#8220;][et_pb_column type=&#8220;1_2&#8243; _builder_version=&#8220;4.9.7&#8243; _module_preset=&#8220;default&#8220; global_colors_info=&#8220;{}&#8220;][et_pb_text _builder_version=&#8220;4.11.3&#8243; _module_preset=&#8220;default&#8220; positioning=&#8220;relative&#8220; custom_margin=&#8220;||20px||false|false&#8220; custom_padding=&#8220;|||30px|false|false&#8220; custom_css_after=&#8220;content: &#8220;;||height: 100%;||border-left: 3px solid #9FD356;||position: absolute;||left: 0;||bottom: 0;&#8220; global_colors_info=&#8220;{}&#8220; custom_css_main_element=&#8220;position: relative;&#8220; hover_enabled=&#8220;0&#8243; sticky_enabled=&#8220;0&#8243;]<\/p>\n<p><strong>Die Online Fremdsprachenschule HalkidonioPlus ist eine fortschrittliche Initiative des Unternehmens Halkidonio Konservatorium.<\/strong><\/p>\n<p>[\/et_pb_text][et_pb_text _builder_version=&#8220;4.9.11&#8243; _module_preset=&#8220;default&#8220; custom_margin_tablet=&#8220;||15px||false|false&#8220; custom_margin_phone=&#8220;&#8220; custom_margin_last_edited=&#8220;on|tablet&#8220; global_colors_info=&#8220;{}&#8220;]Zeitgem\u00e4\u00df nutzt sie alle modernen Lernmethoden f\u00fcr das Erlernen einer Fremdsprache aus. Das Konzept basiert auf dem ausgezeichneten, ausgebildeten und erfahrenen Lehrpersonal.<\/p>\n<p>Die Tendenz unserer heutigen Zeit wahrnehmend und in Erwiderung der Anforderungen des Alltags haben wir eine digitale Fremdsprachenschule mit den besten Spezifikationen gegr\u00fcndet. Durch die \u00dcberwindung von Beeintr\u00e4chtigungen und Schwierigkeiten des Pr\u00e4senzunterrichts bringen wir Menschen aus ganz Griechenland oder aus dem Ausland zusammen.<\/p>\n<p>Unser Lehrpersonal hat die entsprechende Erfahrung auf dem Gebiet der Fremdsprachenschulung im Gruppen- und Einzelunterricht, verf\u00fcgt \u00fcber alle erforderlichen Lehr- und p\u00e4dagogischen Qualifikationen und bietet mit Engagement und Flei\u00df Leistungen auf hohem Niveau. Die physische Entfernung spielt mithilfe der Technologie keine Rolle mehr und durch dieses Konzept wird sowohl die pers\u00f6nliche als auch die Lernentwicklung der Sch\u00fcler gest\u00e4rkt.[\/et_pb_text][\/et_pb_column][et_pb_column type=&#8220;1_2&#8243; _builder_version=&#8220;4.9.7&#8243; _module_preset=&#8220;default&#8220; global_colors_info=&#8220;{}&#8220;][et_pb_image src=&#8220;https:\/\/halkidonioplus.com\/wp-content\/uploads\/2021\/07\/about_us.jpg&#8220; title_text=&#8220;about_us&#8220; _builder_version=&#8220;4.9.7&#8243; _module_preset=&#8220;default&#8220; global_colors_info=&#8220;{}&#8220;][\/et_pb_image][\/et_pb_column][\/et_pb_row][et_pb_row custom_padding_last_edited=&#8220;on|tablet&#8220; _builder_version=&#8220;4.9.7&#8243; _module_preset=&#8220;default&#8220; width=&#8220;100%&#8220; custom_padding=&#8220;||||false|false&#8220; custom_padding_tablet=&#8220;20px||||false|false&#8220; custom_padding_phone=&#8220;&#8220; global_colors_info=&#8220;{}&#8220;][et_pb_column type=&#8220;4_4&#8243; _builder_version=&#8220;4.9.7&#8243; _module_preset=&#8220;default&#8220; global_colors_info=&#8220;{}&#8220;][et_pb_text _builder_version=&#8220;4.11.3&#8243; _module_preset=&#8220;default&#8220; positioning=&#8220;relative&#8220; custom_margin=&#8220;||20px||false|false&#8220; custom_padding=&#8220;|||30px|false|false&#8220; custom_css_after=&#8220;content: &#8220;;||height: 100%;||border-left: 3px solid #9FD356;||position: absolute;||left: 0;||bottom: 0;&#8220; global_colors_info=&#8220;{}&#8220; custom_css_main_element=&#8220;position: relative;&#8220; hover_enabled=&#8220;0&#8243; sticky_enabled=&#8220;0&#8243;]<\/p>\n<p><strong>Das Halkidonio Konservatorium ist seit dem Jahr 1991 auf dem Gebiet der musikalischen Bildung t\u00e4tig.<\/strong><\/p>\n<p>[\/et_pb_text][et_pb_text _builder_version=&#8220;4.9.11&#8243; _module_preset=&#8220;default&#8220; custom_margin_tablet=&#8220;||15px||false|false&#8220; custom_margin_phone=&#8220;&#8220; custom_margin_last_edited=&#8220;on|tablet&#8220; global_colors_info=&#8220;{}&#8220;]Die Zusammenarbeit mit vielen bedeutenden Namen der griechischen Musikb\u00fchne, wie N. Bofiliou, E. Zouganeli, F. Delivorias, R. Antonopoulou, B. Tsampropoulos u.a., sowie mit bekannten Namen aus dem Ausland, wie A. Desiderio, Z. Dukic, I. Kulikova, M. Dawes u.a. in Kombination mit dem qualifizierten Team an Musiklehrern und Erziehern, konnte es sich all diese Jahre auf dem Bereich der Musikalischen Erziehung auszeichnen.[\/et_pb_text][\/et_pb_column][\/et_pb_row][\/et_pb_section]<\/p>\n","protected":false},"excerpt":{"rendered":"<p>Die Online Fremdsprachenschule HalkidonioPlus ist eine fortschrittliche Initiative des Unternehmens Halkidonio Konservatorium.Zeitgem\u00e4\u00df nutzt sie alle modernen Lernmethoden f\u00fcr das Erlernen einer Fremdsprache aus. Das Konzept basiert auf dem ausgezeichneten, ausgebildeten und erfahrenen Lehrpersonal. Die Tendenz unserer heutigen Zeit wahrnehmend und in Erwiderung der Anforderungen des Alltags haben wir eine digitale Fremdsprachenschule mit den besten Spezifikationen [&hellip;]<\/p>\n","protected":false},"author":1,"featured_media":0,"parent":0,"menu_order":0,"comment_status":"closed","ping_status":"closed","template":"","meta":{"_et_pb_use_builder":"on","_et_pb_old_content":"","_et_gb_content_width":"","footnotes":""},"class_list":["post-2143","page","type-page","status-publish","hentry"],"yoast_head":"<!-- This site is optimized with the Yoast SEO plugin v27.4 - https:\/\/yoast.com\/product\/yoast-seo-wordpress\/ -->\n<title>\u00dcber uns - Halkidonio Plus<\/title>\n<meta name=\"robots\" content=\"index, follow, max-snippet:-1, max-image-preview:large, max-video-preview:-1\" \/>\n<link rel=\"canonical\" href=\"https:\/\/halkidonioplus.com\/de\/ueber-uns\/\" \/>\n<meta property=\"og:locale\" content=\"de_DE\" \/>\n<meta property=\"og:type\" content=\"article\" \/>\n<meta property=\"og:title\" content=\"\u00dcber uns - Halkidonio Plus\" \/>\n<meta property=\"og:description\" content=\"Die Online Fremdsprachenschule HalkidonioPlus ist eine fortschrittliche Initiative des Unternehmens Halkidonio Konservatorium.Zeitgem\u00e4\u00df nutzt sie alle modernen Lernmethoden f\u00fcr das Erlernen einer Fremdsprache aus. Das Konzept basiert auf dem ausgezeichneten, ausgebildeten und erfahrenen Lehrpersonal. Die Tendenz unserer heutigen Zeit wahrnehmend und in Erwiderung der Anforderungen des Alltags haben wir eine digitale Fremdsprachenschule mit den besten Spezifikationen [&hellip;]\" \/>\n<meta property=\"og:url\" content=\"https:\/\/halkidonioplus.com\/de\/ueber-uns\/\" \/>\n<meta property=\"og:site_name\" content=\"Halkidonio Plus\" \/>\n<meta property=\"article:modified_time\" content=\"2021-10-23T15:07:13+00:00\" \/>\n<meta name=\"twitter:card\" content=\"summary_large_image\" \/>\n<meta name=\"twitter:label1\" content=\"Gesch\u00e4tzte Lesezeit\" \/>\n\t<meta name=\"twitter:data1\" content=\"2\u00a0Minuten\" \/>\n<script type=\"application\/ld+json\" class=\"yoast-schema-graph\">{\"@context\":\"https:\\\/\\\/schema.org\",\"@graph\":[{\"@type\":\"WebPage\",\"@id\":\"https:\\\/\\\/halkidonioplus.com\\\/de\\\/ueber-uns\\\/\",\"url\":\"https:\\\/\\\/halkidonioplus.com\\\/de\\\/ueber-uns\\\/\",\"name\":\"\u00dcber uns - Halkidonio Plus\",\"isPartOf\":{\"@id\":\"https:\\\/\\\/halkidonioplus.com\\\/de\\\/#website\"},\"datePublished\":\"2021-07-13T15:37:38+00:00\",\"dateModified\":\"2021-10-23T15:07:13+00:00\",\"breadcrumb\":{\"@id\":\"https:\\\/\\\/halkidonioplus.com\\\/de\\\/ueber-uns\\\/#breadcrumb\"},\"inLanguage\":\"de\",\"potentialAction\":[{\"@type\":\"ReadAction\",\"target\":[\"https:\\\/\\\/halkidonioplus.com\\\/de\\\/ueber-uns\\\/\"]}]},{\"@type\":\"BreadcrumbList\",\"@id\":\"https:\\\/\\\/halkidonioplus.com\\\/de\\\/ueber-uns\\\/#breadcrumb\",\"itemListElement\":[{\"@type\":\"ListItem\",\"position\":1,\"name\":\"Home\",\"item\":\"https:\\\/\\\/halkidonioplus.com\\\/de\\\/\"},{\"@type\":\"ListItem\",\"position\":2,\"name\":\"\u00dcber uns\"}]},{\"@type\":\"WebSite\",\"@id\":\"https:\\\/\\\/halkidonioplus.com\\\/de\\\/#website\",\"url\":\"https:\\\/\\\/halkidonioplus.com\\\/de\\\/\",\"name\":\"Halkidonio Plus\",\"description\":\"Halkidonio Plus\",\"potentialAction\":[{\"@type\":\"SearchAction\",\"target\":{\"@type\":\"EntryPoint\",\"urlTemplate\":\"https:\\\/\\\/halkidonioplus.com\\\/de\\\/?s={search_term_string}\"},\"query-input\":{\"@type\":\"PropertyValueSpecification\",\"valueRequired\":true,\"valueName\":\"search_term_string\"}}],\"inLanguage\":\"de\"}]}<\/script>\n<!-- \/ Yoast SEO plugin. -->","yoast_head_json":{"title":"\u00dcber uns - Halkidonio Plus","robots":{"index":"index","follow":"follow","max-snippet":"max-snippet:-1","max-image-preview":"max-image-preview:large","max-video-preview":"max-video-preview:-1"},"canonical":"https:\/\/halkidonioplus.com\/de\/ueber-uns\/","og_locale":"de_DE","og_type":"article","og_title":"\u00dcber uns - Halkidonio Plus","og_description":"Die Online Fremdsprachenschule HalkidonioPlus ist eine fortschrittliche Initiative des Unternehmens Halkidonio Konservatorium.Zeitgem\u00e4\u00df nutzt sie alle modernen Lernmethoden f\u00fcr das Erlernen einer Fremdsprache aus. Das Konzept basiert auf dem ausgezeichneten, ausgebildeten und erfahrenen Lehrpersonal. Die Tendenz unserer heutigen Zeit wahrnehmend und in Erwiderung der Anforderungen des Alltags haben wir eine digitale Fremdsprachenschule mit den besten Spezifikationen [&hellip;]","og_url":"https:\/\/halkidonioplus.com\/de\/ueber-uns\/","og_site_name":"Halkidonio Plus","article_modified_time":"2021-10-23T15:07:13+00:00","twitter_card":"summary_large_image","twitter_misc":{"Gesch\u00e4tzte Lesezeit":"2\u00a0Minuten"},"schema":{"@context":"https:\/\/schema.org","@graph":[{"@type":"WebPage","@id":"https:\/\/halkidonioplus.com\/de\/ueber-uns\/","url":"https:\/\/halkidonioplus.com\/de\/ueber-uns\/","name":"\u00dcber uns - Halkidonio Plus","isPartOf":{"@id":"https:\/\/halkidonioplus.com\/de\/#website"},"datePublished":"2021-07-13T15:37:38+00:00","dateModified":"2021-10-23T15:07:13+00:00","breadcrumb":{"@id":"https:\/\/halkidonioplus.com\/de\/ueber-uns\/#breadcrumb"},"inLanguage":"de","potentialAction":[{"@type":"ReadAction","target":["https:\/\/halkidonioplus.com\/de\/ueber-uns\/"]}]},{"@type":"BreadcrumbList","@id":"https:\/\/halkidonioplus.com\/de\/ueber-uns\/#breadcrumb","itemListElement":[{"@type":"ListItem","position":1,"name":"Home","item":"https:\/\/halkidonioplus.com\/de\/"},{"@type":"ListItem","position":2,"name":"\u00dcber uns"}]},{"@type":"WebSite","@id":"https:\/\/halkidonioplus.com\/de\/#website","url":"https:\/\/halkidonioplus.com\/de\/","name":"Halkidonio Plus","description":"Halkidonio Plus","potentialAction":[{"@type":"SearchAction","target":{"@type":"EntryPoint","urlTemplate":"https:\/\/halkidonioplus.com\/de\/?s={search_term_string}"},"query-input":{"@type":"PropertyValueSpecification","valueRequired":true,"valueName":"search_term_string"}}],"inLanguage":"de"}]}},"_links":{"self":[{"href":"https:\/\/halkidonioplus.com\/de\/wp-json\/wp\/v2\/pages\/2143","targetHints":{"allow":["GET"]}}],"collection":[{"href":"https:\/\/halkidonioplus.com\/de\/wp-json\/wp\/v2\/pages"}],"about":[{"href":"https:\/\/halkidonioplus.com\/de\/wp-json\/wp\/v2\/types\/page"}],"author":[{"embeddable":true,"href":"https:\/\/halkidonioplus.com\/de\/wp-json\/wp\/v2\/users\/1"}],"replies":[{"embeddable":true,"href":"https:\/\/halkidonioplus.com\/de\/wp-json\/wp\/v2\/comments?post=2143"}],"version-history":[{"count":5,"href":"https:\/\/halkidonioplus.com\/de\/wp-json\/wp\/v2\/pages\/2143\/revisions"}],"predecessor-version":[{"id":3522,"href":"https:\/\/halkidonioplus.com\/de\/wp-json\/wp\/v2\/pages\/2143\/revisions\/3522"}],"wp:attachment":[{"href":"https:\/\/halkidonioplus.com\/de\/wp-json\/wp\/v2\/media?parent=2143"}],"curies":[{"name":"wp","href":"https:\/\/api.w.org\/{rel}","templated":true}]}}